{"id":49,"date":"2019-03-07T21:09:20","date_gmt":"2019-03-07T19:09:20","guid":{"rendered":"http:\/\/www.dorukoptik.com\/?page_id=49"},"modified":"2024-10-16T21:00:08","modified_gmt":"2024-10-16T18:00:08","slug":"goz","status":"publish","type":"page","link":"https:\/\/www.dorukoptik.com\/index.php\/goz\/","title":{"rendered":"G\u00f6z"},"content":{"rendered":"\n<p>Be\u015f duyu organ\u0131m\u0131zdan biri olan G\u00d6Z ve G\u00d6RME,\nbildiklerimizin % 80 nini \u00f6\u011frenmemizi sa\u011flayan yoldur. G\u00f6z, kafatas\u0131 i\u00e7inde 25\ncm3 orbita kemik yuvas\u0131na yerle\u015fmi\u015f, 7 gr a\u011f\u0131rl\u0131\u011f\u0131nda top \u015feklinde, \u00f6n k\u0131sm\u0131\n\u015feffaf bir k\u00fcredir. Her g\u00f6z\u00fcn yukar\u0131, sa\u011fa, sola ve yanlara kontroll\u00fc\nhareketini sa\u011flayan alt\u0131 kas\u0131 vard\u0131r.<\/p>\n\n\n<div class=\"wp-block-image\">\n<figure class=\"alignleft size-full is-resized\"><img loading=\"lazy\" decoding=\"async\" width=\"360\" height=\"300\" src=\"https:\/\/www.dorukoptik.com\/wordpress\/wp-content\/uploads\/2024\/10\/image_3.jpg\" alt=\"\" class=\"wp-image-157\" style=\"width:360px;height:300px\" srcset=\"https:\/\/www.dorukoptik.com\/wp-content\/uploads\/2024\/10\/image_3.jpg 360w, https:\/\/www.dorukoptik.com\/wp-content\/uploads\/2024\/10\/image_3-300x250.jpg 300w\" sizes=\"(max-width: 360px) 100vw, 360px\" \/><\/figure><\/div>\n\n\n<p>I\u015f\u0131k enerjisinin kimyasal enerjiye d\u00f6n\u00fc\u015fmesi, g\u00f6z\u00fcn i\u00e7 arka\ntabakas\u0131nda ger\u00e7ekle\u015ferek, elektrik uyaran\u0131 olarak, g\u00f6z siniri arac\u0131l\u0131\u011f\u0131 ile\nbeynin arka taraf\u0131na ula\u015ft\u0131r\u0131l\u0131r. G\u00f6z duyusu; \u0131\u015f\u0131k, \u015fekil, renk, hareket ve\nderinlik gibi \u00e7ok \u00e7e\u015fitli \u00f6zelliklerin toplam\u0131d\u0131r.<\/p>\n\n\n\n<p>G\u00f6rme duyusunun geli\u015fmesi, do\u011fumdan sonra alt\u0131 ya\u015f\u0131na kadar\ndevam eder. Do\u011fumda, iki g\u00f6z aras\u0131ndaki denge herhangi bir nedenle bozulmu\u015f ise\nbir g\u00f6z, beyin taraf\u0131ndan tercih edilip, di\u011fer g\u00f6z at\u0131l kapasite ile\nkullan\u0131l\u0131r. D\u00fc\u015f\u00fck kapasite ile kullan\u0131lan g\u00f6z\u00fcn, g\u00f6rme yetene\u011fi azal\u0131r ve g\u00f6z\ntembelli\u011fi olu\u015fur. <\/p>\n\n\n\n<p>G\u00f6z\u00fcn hastal\u0131klar\u0131 kal\u0131t\u0131m ile ge\u00e7en, mikrobik, \u00e7e\u015fitli\nkazalar ve mekanik bir\u00e7ok nedenlerle ortaya \u00e7\u0131kabilir.<\/p>\n\n\n\n<p>\u00dclkemizde aile i\u00e7i evlilikler, \u00e7ocukluk \u00e7a\u011f\u0131 k\u00f6rl\u00fcklerinde\nba\u015fta gelen sebeptir. Geri kalm\u0131\u015f \u00fclkelerde trahom gibi mikrobik ve A vitamini\neksikli\u011fi gibi beslenme bozuklu\u011fu, ba\u015fl\u0131ca k\u00f6rl\u00fcklere yol a\u00e7ar. G\u00f6z i\u00e7\nortam\u0131n\u0131n \u015feffafl\u0131\u011f\u0131 ve bas\u0131nc\u0131n\u0131n dengesi korundu\u011funda g\u00f6z iyi \u00e7al\u0131\u015f\u0131r.<\/p>\n","protected":false},"excerpt":{"rendered":"<p>Be\u015f duyu organ\u0131m\u0131zdan biri olan G\u00d6Z ve G\u00d6RME, bildiklerimizin % 80 nini \u00f6\u011frenmemizi sa\u011flayan yoldur. G\u00f6z, kafatas\u0131 i\u00e7inde 25 cm3 orbita kemik yuvas\u0131na yerle\u015fmi\u015f, 7 gr a\u011f\u0131rl\u0131\u011f\u0131nda top \u015feklinde, \u00f6n k\u0131sm\u0131 \u015feffaf bir k\u00fcredir. Her g\u00f6z\u00fcn yukar\u0131, sa\u011fa, sola ve yanlara kontroll\u00fc hareketini sa\u011flayan alt\u0131 kas\u0131 vard\u0131r. I\u015f\u0131k enerjisinin kimyasal enerjiye d\u00f6n\u00fc\u015fmesi, g\u00f6z\u00fcn i\u00e7 arka &hellip; <\/p>\n<p class=\"link-more\"><a href=\"https:\/\/www.dorukoptik.com\/index.php\/goz\/\" class=\"more-link\">Okumaya devam et<span class=\"screen-reader-text\"> &#8220;G\u00f6z&#8221;<\/span><\/a><\/p>\n","protected":false},"author":1,"featured_media":0,"parent":0,"menu_order":0,"comment_status":"closed","ping_status":"closed","template":"","meta":{"footnotes":""},"class_list":["post-49","page","type-page","status-publish","hentry"],"_links":{"self":[{"href":"https:\/\/www.dorukoptik.com\/index.php\/wp-json\/wp\/v2\/pages\/49"}],"collection":[{"href":"https:\/\/www.dorukoptik.com\/index.php\/wp-json\/wp\/v2\/pages"}],"about":[{"href":"https:\/\/www.dorukoptik.com\/index.php\/wp-json\/wp\/v2\/types\/page"}],"author":[{"embeddable":true,"href":"https:\/\/www.dorukoptik.com\/index.php\/wp-json\/wp\/v2\/users\/1"}],"replies":[{"embeddable":true,"href":"https:\/\/www.dorukoptik.com\/index.php\/wp-json\/wp\/v2\/comments?post=49"}],"version-history":[{"count":1,"href":"https:\/\/www.dorukoptik.com\/index.php\/wp-json\/wp\/v2\/pages\/49\/revisions"}],"predecessor-version":[{"id":159,"href":"https:\/\/www.dorukoptik.com\/index.php\/wp-json\/wp\/v2\/pages\/49\/revisions\/159"}],"wp:attachment":[{"href":"https:\/\/www.dorukoptik.com\/index.php\/wp-json\/wp\/v2\/media?parent=49"}],"curies":[{"name":"wp","href":"https:\/\/api.w.org\/{rel}","templated":true}]}}