{"id":57,"date":"2019-03-07T21:23:02","date_gmt":"2019-03-07T19:23:02","guid":{"rendered":"http:\/\/www.dorukoptik.com\/?page_id=57"},"modified":"2019-03-07T21:34:54","modified_gmt":"2019-03-07T19:34:54","slug":"gozluk","status":"publish","type":"page","link":"https:\/\/www.dorukoptik.com\/index.php\/gozluk\/","title":{"rendered":"G\u00f6zl\u00fck"},"content":{"rendered":"\n<p> G\u00f6zl\u00fck \u00e7er\u00e7evesinin y\u00fcz\u00fcn b\u00fcy\u00fckl\u00fc\u011f\u00fcyle orant\u0131l\u0131 olmas\u0131 gerekir. Bu da genel olarak k\u00fc\u00e7\u00fck suratlara k\u00fc\u00e7\u00fck \u00e7er\u00e7eve ve daha b\u00fcy\u00fck suratlara da daha b\u00fcy\u00fck \u00e7er\u00e7eve anlam\u0131na gelir. Buna kar\u015f\u0131n \u00e7er\u00e7eve \u015feklinin y\u00fcz \u015fekline kontrast yapmas\u0131 yani y\u00fcz \u015feklinin tersi olmas\u0131 tavsiye edilir. Y\u00fcz \u015fekillerine g\u00f6re kullan\u0131lmas\u0131 tavsiye edilen \u00e7er\u00e7eveler ana hatlar\u0131yla \u015f\u00f6yledir:  &nbsp; <\/p>\n\n\n\n<p>Oval y\u00fcz: Oval y\u00fcze hemen her \u00e7er\u00e7eve uyar. Yumu\u015fak k\u00f6\u015feleri olan ve \u015faka\u011fa do\u011fru y\u00fckselen kare \u015feklinde \u00e7er\u00e7eveler oval y\u00fczlere \u00f6zellikle yak\u0131\u015f\u0131r.&nbsp;&nbsp;&nbsp;&nbsp;&nbsp;<\/p>\n\n\n\n<p> \u00c7er\u00e7eve \u00f6nerileri : Herhangi bir \u00e7er\u00e7eve <\/p>\n\n\n\n<p>Yuvarlak y\u00fcz: \u00c7er\u00e7evelerin y\u00fcz\u00fc daha uzun ve ince g\u00f6stermesi gerekir. Genel anlamda aranmas\u0131 gereken y\u00fcz\u00fcn en geni\u015f k\u0131sm\u0131na e\u015fit veya \u00e7ok az daha geni\u015f \u00e7er\u00e7evelerdir. Y\u00fcksek \u015fakakl\u0131 \u00e7er\u00e7eveler daha uzun bir profil etkisi verir. Ka\u015f \u00e7izgili \u00e7er\u00e7eveler de (kal\u0131n veya belirgin \u00fcst \u00e7er\u00e7eveler) g\u00f6z\u00fc \u00e7ekik g\u00f6sterir ve bu etki y\u00fcz\u00fcn daha uzun g\u00f6r\u00fcnmesini sa\u011flar.<\/p>\n\n\n\n<p> \u00c7er\u00e7eve \u00f6nerileri : K\u00f6\u015feli veya dikd\u00f6rtgen, geni\u015f\u00e7e \u00e7er\u00e7eveler. <\/p>\n\n\n\n<p>Elmas \u015fekilli y\u00fcz: Bu y\u00fcz tipinde geni\u015f veya y\u00fcksek elmac\u0131k kemikleri, dar al\u0131n ve \u00e7ene bulunur. Oval \u00e7er\u00e7eveler y\u00fcz\u00fcn kenarlar\u0131n\u0131 yumu\u015fat\u0131r; yumu\u015fak k\u0131vr\u0131mlar\u0131 olan kare \u00e7er\u00e7eveler de ayn\u0131 etkiyi yaratabilir. Her durumda \u00e7er\u00e7evenin elac\u0131k kemiklerinin geni\u015fli\u011finden daha geni\u015f olmamas\u0131na dikkat  edilmelidir.<\/p>\n\n\n\n<p> \u00c7er\u00e7eve \u00f6nerileri : Oval, kare, \u00e7er\u00e7evesiz. <\/p>\n\n\n\n<p>Kare y\u00fcz: Bu tip y\u00fczde kuvvetli bir \u00e7ene \u00e7izgisi, geni\u015f bir al\u0131n ve elmac\u0131k kemikleri bulunur. K\u00f6\u015feleri yumu\u015fatmak i\u00e7in yumu\u015fak, k\u0131vr\u0131ml\u0131 \u00e7er\u00e7eveler se\u00e7ilerek y\u00fcze anlam verilebilir. Klasik oval \u00e7er\u00e7eveler de bu y\u00fcz tipine yak\u0131\u015f\u0131r. <\/p>\n\n\n\n<p>\u00c7er\u00e7eve \u00f6nerileri : Oval, yuvarlak. <\/p>\n\n\n\n<p>Uzun y\u00fcz: Y\u00fcz\u00fcn en geni\u015f yerinden daha geni\u015f olmayan bir \u00e7er\u00e7eveyle y\u00fcz\u00fcn oldu\u011fundan daha geni\u015f ve k\u0131sa g\u00f6r\u00fcnmesi sa\u011flanabilir. Bu tip y\u00fczde yuvarlak ve kare \u00e7er\u00e7eveler \u00e7ok ba\u015far\u0131l\u0131d\u0131r. Enine hatlar\u0131 k\u0131sa, boyuna hatlar\u0131 uzun olan \u00e7er\u00e7eveler de bu y\u00fcze g\u00f6redir. <\/p>\n\n\n\n<p>\u00c7er\u00e7eve \u00f6nerileri: Yuvarlak, kare. <\/p>\n\n\n\n<p>\u00dc\u00e7gen y\u00fcz: G\u00f6z b\u00f6lgesi vurgulanarak y\u00fcz\u00fcn alt k\u0131sm\u0131ndaki vurgu azalt\u0131lmal\u0131d\u0131r. \u015eaka\u011fa do\u011fru sivrilen \u00e7er\u00e7eveler bu dengeyi sa\u011flamakta yard\u0131mc\u0131 olabilir. Alt \u00e7er\u00e7evesi olmayan metal modeller de deneyebilirsiniz.<\/p>\n\n\n\n<p> \u00c7er\u00e7eve \u00f6nerileri : \u00dcst hatlar\u0131 d\u00fcz olan \u00e7er\u00e7eveler. <\/p>\n\n\n\n<p><\/p>\n","protected":false},"excerpt":{"rendered":"<p>G\u00f6zl\u00fck \u00e7er\u00e7evesinin y\u00fcz\u00fcn b\u00fcy\u00fckl\u00fc\u011f\u00fcyle orant\u0131l\u0131 olmas\u0131 gerekir. Bu da genel olarak k\u00fc\u00e7\u00fck suratlara k\u00fc\u00e7\u00fck \u00e7er\u00e7eve ve daha b\u00fcy\u00fck suratlara da daha b\u00fcy\u00fck \u00e7er\u00e7eve anlam\u0131na gelir. Buna kar\u015f\u0131n \u00e7er\u00e7eve \u015feklinin y\u00fcz \u015fekline kontrast yapmas\u0131 yani y\u00fcz \u015feklinin tersi olmas\u0131 tavsiye edilir. Y\u00fcz \u015fekillerine g\u00f6re kullan\u0131lmas\u0131 tavsiye edilen \u00e7er\u00e7eveler ana hatlar\u0131yla \u015f\u00f6yledir: &nbsp; Oval y\u00fcz: Oval y\u00fcze &hellip; <\/p>\n<p class=\"link-more\"><a href=\"https:\/\/www.dorukoptik.com\/index.php\/gozluk\/\" class=\"more-link\">Okumaya devam et<span class=\"screen-reader-text\"> &#8220;G\u00f6zl\u00fck&#8221;<\/span><\/a><\/p>\n","protected":false},"author":1,"featured_media":68,"parent":0,"menu_order":0,"comment_status":"closed","ping_status":"closed","template":"","meta":{"footnotes":""},"class_list":["post-57","page","type-page","status-publish","has-post-thumbnail","hentry"],"_links":{"self":[{"href":"https:\/\/www.dorukoptik.com\/index.php\/wp-json\/wp\/v2\/pages\/57"}],"collection":[{"href":"https:\/\/www.dorukoptik.com\/index.php\/wp-json\/wp\/v2\/pages"}],"about":[{"href":"https:\/\/www.dorukoptik.com\/index.php\/wp-json\/wp\/v2\/types\/page"}],"author":[{"embeddable":true,"href":"https:\/\/www.dorukoptik.com\/index.php\/wp-json\/wp\/v2\/users\/1"}],"replies":[{"embeddable":true,"href":"https:\/\/www.dorukoptik.com\/index.php\/wp-json\/wp\/v2\/comments?post=57"}],"version-history":[{"count":1,"href":"https:\/\/www.dorukoptik.com\/index.php\/wp-json\/wp\/v2\/pages\/57\/revisions"}],"predecessor-version":[{"id":160,"href":"https:\/\/www.dorukoptik.com\/index.php\/wp-json\/wp\/v2\/pages\/57\/revisions\/160"}],"wp:featuredmedia":[{"embeddable":true,"href":"https:\/\/www.dorukoptik.com\/index.php\/wp-json\/wp\/v2\/media\/68"}],"wp:attachment":[{"href":"https:\/\/www.dorukoptik.com\/index.php\/wp-json\/wp\/v2\/media?parent=57"}],"curies":[{"name":"wp","href":"https:\/\/api.w.org\/{rel}","templated":true}]}}