{"id":76,"date":"2019-03-07T21:55:13","date_gmt":"2019-03-07T19:55:13","guid":{"rendered":"http:\/\/www.dorukoptik.com\/?page_id=76"},"modified":"2024-10-16T21:09:18","modified_gmt":"2024-10-16T18:09:18","slug":"lens","status":"publish","type":"page","link":"https:\/\/www.dorukoptik.com\/index.php\/lens\/","title":{"rendered":"Lens"},"content":{"rendered":"<div class=\"wp-block-image\">\n<figure class=\"alignleft size-full\"><img loading=\"lazy\" decoding=\"async\" width=\"215\" height=\"116\" src=\"https:\/\/www.dorukoptik.com\/wordpress\/wp-content\/uploads\/2024\/10\/image_Lensmavi-1.jpg\" alt=\"\" class=\"wp-image-161\"\/><\/figure><\/div>\n\n\n<p>G\u00fcn\u00fcm\u00fczde kullan\u0131lan kontakt lensler ince, biopolimer ad\u0131\nverilen \u00e7ok \u00f6zel plastik bir maddeden yap\u0131lmaktad\u0131r. Bu lenslerle, miyopi,\nhipermetropi ve astigmatizma gibi hemen her t\u00fcrl\u00fc optik bozukluk\nd\u00fczeltilmektedir. Kornea \u00fczerine yerle\u015ftirilir ve kendisiyle bu saydam tabaka\naras\u0131na s\u0131zan g\u00f6zya\u015f\u0131na yap\u0131\u015f\u0131r. G\u00f6z k\u0131rpmas\u0131yla lens yava\u015f\u00e7a hareket eder, bu\nhareketle lensin alt\u0131na taze g\u00f6zya\u015f\u0131 girer, buda kornea tabakas\u0131 i\u00e7in\noksijenlenme ve nemlenmeyi sa\u011flar.<\/p>\n\n\n<div class=\"wp-block-image\">\n<figure class=\"alignright size-full\"><img loading=\"lazy\" decoding=\"async\" width=\"215\" height=\"116\" src=\"https:\/\/www.dorukoptik.com\/wordpress\/wp-content\/uploads\/2024\/10\/image_Lensyesil.jpg\" alt=\"\" class=\"wp-image-147\"\/><\/figure><\/div>\n\n\n<p>\u0130ki tip kontakt lens mevcuttur; Sert kontakt lensler ve Yumu\u015fak kontakt lensler. Sert lensler ise kendi aralar\u0131nda Gaz ge\u00e7irgen ve Gaz ge\u00e7irgen olmayan tip \u015feklinde ikiye ayr\u0131lmaktad\u0131r. Gaz (oksijen) ge\u00e7irgen sert kontakt lenslerde, direk lens \u00fczerinden korneaya gaz ge\u00e7i\u015fi m\u00fcmk\u00fcn oldu\u011fundan, di\u011fer tipe oranla daha s\u0131kl\u0131kla tercih edilmektedir. <\/p>\n\n\n<div class=\"wp-block-image\">\n<figure class=\"alignleft size-full\"><img loading=\"lazy\" decoding=\"async\" width=\"215\" height=\"116\" src=\"https:\/\/www.dorukoptik.com\/wordpress\/wp-content\/uploads\/2024\/10\/image_Lenssari.jpg\" alt=\"\" class=\"wp-image-146\"\/><\/figure><\/div>\n\n\n<p>Yumu\u015fak kontakt lensler ise daha \u00e7ok su i\u00e7erdiklerinden dolay\u0131 esnek bir yap\u0131dad\u0131rlar, gaz ge\u00e7irgen \u00f6zelli\u011fine de sahiptirler. Lens kal\u0131nl\u0131\u011f\u0131na ve su i\u00e7eri\u011fine g\u00f6re gaz ge\u00e7irgenli\u011fi de\u011fi\u015fmektedir. Burada ifade edilen gaz ge\u00e7irgenli\u011fi ifadesi olduk\u00e7a \u00f6nemlidir, \u00e7\u00fcnk\u00fc kornean\u0131n sa\u011fl\u0131kl\u0131 olabilmesi i\u00e7in oksijen bu tabakaya lens \u00fczerinden sorunsuz ge\u00e7mesi gerekmektedir. Her t\u00fcrl\u00fc yumu\u015fak kontakt lens mutlaka gece uykusundan \u00f6nce ve sol\u00fcsyonda mutlaka saklanmal\u0131d\u0131r.<\/p>\n\n\n<div class=\"wp-block-image\">\n<figure class=\"alignright size-full\"><img loading=\"lazy\" decoding=\"async\" width=\"425\" height=\"250\" src=\"https:\/\/www.dorukoptik.com\/wordpress\/wp-content\/uploads\/2024\/10\/image_4.jpg\" alt=\"\" class=\"wp-image-149\" srcset=\"https:\/\/www.dorukoptik.com\/wp-content\/uploads\/2024\/10\/image_4.jpg 425w, https:\/\/www.dorukoptik.com\/wp-content\/uploads\/2024\/10\/image_4-300x176.jpg 300w\" sizes=\"(max-width: 425px) 100vw, 425px\" \/><\/figure><\/div>\n\n\n<p>G\u00fcn\u00fcm\u00fczde g\u00f6rme bozukluklar\u0131n\u0131n d\u00fczeltilmesinde, g\u00f6z\nrenginin de\u011fi\u015ftirilmesinde, kornea hastal\u0131klar\u0131n\u0131n tedavisinde ya da ameliyat\nsonras\u0131 profilaktik ama\u00e7la, d\u00fcnyan\u0131n her yerindeki milyonlarca insan kontakt\nlenslerden yararlan\u0131yor.<\/p>\n","protected":false},"excerpt":{"rendered":"<p>G\u00fcn\u00fcm\u00fczde kullan\u0131lan kontakt lensler ince, biopolimer ad\u0131 verilen \u00e7ok \u00f6zel plastik bir maddeden yap\u0131lmaktad\u0131r. Bu lenslerle, miyopi, hipermetropi ve astigmatizma gibi hemen her t\u00fcrl\u00fc optik bozukluk d\u00fczeltilmektedir. Kornea \u00fczerine yerle\u015ftirilir ve kendisiyle bu saydam tabaka aras\u0131na s\u0131zan g\u00f6zya\u015f\u0131na yap\u0131\u015f\u0131r. G\u00f6z k\u0131rpmas\u0131yla lens yava\u015f\u00e7a hareket eder, bu hareketle lensin alt\u0131na taze g\u00f6zya\u015f\u0131 girer, buda kornea tabakas\u0131 &hellip; <\/p>\n<p class=\"link-more\"><a href=\"https:\/\/www.dorukoptik.com\/index.php\/lens\/\" class=\"more-link\">Okumaya devam et<span class=\"screen-reader-text\"> &#8220;Lens&#8221;<\/span><\/a><\/p>\n","protected":false},"author":1,"featured_media":0,"parent":0,"menu_order":0,"comment_status":"closed","ping_status":"closed","template":"","meta":{"footnotes":""},"class_list":["post-76","page","type-page","status-publish","hentry"],"_links":{"self":[{"href":"https:\/\/www.dorukoptik.com\/index.php\/wp-json\/wp\/v2\/pages\/76"}],"collection":[{"href":"https:\/\/www.dorukoptik.com\/index.php\/wp-json\/wp\/v2\/pages"}],"about":[{"href":"https:\/\/www.dorukoptik.com\/index.php\/wp-json\/wp\/v2\/types\/page"}],"author":[{"embeddable":true,"href":"https:\/\/www.dorukoptik.com\/index.php\/wp-json\/wp\/v2\/users\/1"}],"replies":[{"embeddable":true,"href":"https:\/\/www.dorukoptik.com\/index.php\/wp-json\/wp\/v2\/comments?post=76"}],"version-history":[{"count":3,"href":"https:\/\/www.dorukoptik.com\/index.php\/wp-json\/wp\/v2\/pages\/76\/revisions"}],"predecessor-version":[{"id":167,"href":"https:\/\/www.dorukoptik.com\/index.php\/wp-json\/wp\/v2\/pages\/76\/revisions\/167"}],"wp:attachment":[{"href":"https:\/\/www.dorukoptik.com\/index.php\/wp-json\/wp\/v2\/media?parent=76"}],"curies":[{"name":"wp","href":"https:\/\/api.w.org\/{rel}","templated":true}]}}