{"id":9,"date":"2019-03-07T15:52:47","date_gmt":"2019-03-07T13:52:47","guid":{"rendered":"http:\/\/www.dorukoptik.com\/?page_id=9"},"modified":"2024-10-16T21:46:07","modified_gmt":"2024-10-16T18:46:07","slug":"hakkimizda","status":"publish","type":"page","link":"https:\/\/www.dorukoptik.com\/index.php\/hakkimizda\/","title":{"rendered":"Hakk\u0131m\u0131zda"},"content":{"rendered":"<p>1998 y\u0131l\u0131ndan beri Optik sekt\u00f6r\u00fcnde hizmet veren \u015firketimizde son teknolojinin kullan\u0131ld\u0131\u011f\u0131 bilgisayarl\u0131 cam \u015fekillendirme ve kesme cihazlar\u0131 ile progresif ve bifokal camlar da dahil olmak \u00fczere her t\u00fcrl\u00fc cam kesme i\u015flemi, se\u00e7ilen \u00e7er\u00e7eve veya modele uygun olarak yap\u0131labilmektedir.<\/p>\n<p>SGK, BA\u011e-KUR, EMN\u0130YET, TSK, YE\u015e\u0130L KART, BELED\u0130YELER, BANKA<\/p>\n<p>re\u00e7eteleri yap\u0131l\u0131r.<\/p>\n\n\n<p><\/p>\n\n\n\n<figure class=\"wp-block-image size-full\"><img loading=\"lazy\" decoding=\"async\" width=\"350\" height=\"263\" src=\"https:\/\/www.dorukoptik.com\/wordpress\/wp-content\/uploads\/2024\/10\/drk_4.jpg\" alt=\"\" class=\"wp-image-187\" srcset=\"https:\/\/www.dorukoptik.com\/wp-content\/uploads\/2024\/10\/drk_4.jpg 350w, https:\/\/www.dorukoptik.com\/wp-content\/uploads\/2024\/10\/drk_4-300x225.jpg 300w\" sizes=\"(max-width: 350px) 100vw, 350px\" \/><\/figure>\n\n\n\n<p><\/p>\n","protected":false},"excerpt":{"rendered":"<p>1998 y\u0131l\u0131ndan beri Optik sekt\u00f6r\u00fcnde hizmet veren \u015firketimizde son teknolojinin kullan\u0131ld\u0131\u011f\u0131 bilgisayarl\u0131 cam \u015fekillendirme ve kesme cihazlar\u0131 ile progresif ve bifokal camlar da dahil olmak \u00fczere her t\u00fcrl\u00fc cam kesme i\u015flemi, se\u00e7ilen \u00e7er\u00e7eve veya modele uygun olarak yap\u0131labilmektedir. SGK, BA\u011e-KUR, EMN\u0130YET, TSK, YE\u015e\u0130L KART, BELED\u0130YELER, BANKA re\u00e7eteleri yap\u0131l\u0131r.<\/p>\n","protected":false},"author":1,"featured_media":47,"parent":0,"menu_order":0,"comment_status":"closed","ping_status":"closed","template":"","meta":{"footnotes":""},"class_list":["post-9","page","type-page","status-publish","has-post-thumbnail","hentry"],"_links":{"self":[{"href":"https:\/\/www.dorukoptik.com\/index.php\/wp-json\/wp\/v2\/pages\/9"}],"collection":[{"href":"https:\/\/www.dorukoptik.com\/index.php\/wp-json\/wp\/v2\/pages"}],"about":[{"href":"https:\/\/www.dorukoptik.com\/index.php\/wp-json\/wp\/v2\/types\/page"}],"author":[{"embeddable":true,"href":"https:\/\/www.dorukoptik.com\/index.php\/wp-json\/wp\/v2\/users\/1"}],"replies":[{"embeddable":true,"href":"https:\/\/www.dorukoptik.com\/index.php\/wp-json\/wp\/v2\/comments?post=9"}],"version-history":[{"count":2,"href":"https:\/\/www.dorukoptik.com\/index.php\/wp-json\/wp\/v2\/pages\/9\/revisions"}],"predecessor-version":[{"id":188,"href":"https:\/\/www.dorukoptik.com\/index.php\/wp-json\/wp\/v2\/pages\/9\/revisions\/188"}],"wp:featuredmedia":[{"embeddable":true,"href":"https:\/\/www.dorukoptik.com\/index.php\/wp-json\/wp\/v2\/media\/47"}],"wp:attachment":[{"href":"https:\/\/www.dorukoptik.com\/index.php\/wp-json\/wp\/v2\/media?parent=9"}],"curies":[{"name":"wp","href":"https:\/\/api.w.org\/{rel}","templated":true}]}}